{"id":9,"date":"2023-12-09T13:15:12","date_gmt":"2023-12-09T12:15:12","guid":{"rendered":"https:\/\/fermedesmondes.fr\/index.php\/front_page\/"},"modified":"2025-07-14T21:01:45","modified_gmt":"2025-07-14T19:01:45","slug":"front_page","status":"publish","type":"page","link":"https:\/\/fermedesmondes.fr\/","title":{"rendered":"le Jura vous accueille"},"content":{"rendered":"\n\n\n\n\n\n\n\n\n\n\n\n\n\n","protected":false},"excerpt":{"rendered":"","protected":false},"author":1,"featured_media":74,"parent":0,"menu_order":0,"comment_status":"closed","ping_status":"closed","template":"","meta":{"saved_in_kubio":true,"jetpack_post_was_ever_published":false,"footnotes":""},"class_list":["post-9","page","type-page","status-publish","has-post-thumbnail","hentry"],"kubio_ai_page_context":{"short_desc":"","purpose":"general","isFrontPage":true},"yoast_head":"<!-- This site is optimized with the Yoast SEO plugin v26.7 - https:\/\/yoast.com\/wordpress\/plugins\/seo\/ -->\n<title>le Jura vous accueille - La Ferme des Mondes, gite et chambres d&#039;hotes<\/title>\n<meta name=\"description\" content=\"Gite rural et familial dans le Jura fran\u00e7ais, entre la station de ski des Rousses et Saint-Claude,a Septmoncel-Les Molunes, en pleine nature\" \/>\n<meta name=\"robots\" content=\"index, follow, max-snippet:-1, max-image-preview:large, max-video-preview:-1\" \/>\n<link rel=\"canonical\" href=\"https:\/\/fermedesmondes.fr\/\" \/>\n<meta property=\"og:locale\" content=\"fr_FR\" \/>\n<meta property=\"og:type\" content=\"article\" \/>\n<meta property=\"og:title\" content=\"le Jura vous accueille - La Ferme des Mondes, gite et chambres d&#039;hotes\" \/>\n<meta property=\"og:description\" content=\"Gite rural et familial dans le Jura fran\u00e7ais, entre la station de ski des Rousses et Saint-Claude,a Septmoncel-Les Molunes, en pleine nature\" \/>\n<meta property=\"og:url\" content=\"https:\/\/fermedesmondes.fr\/\" \/>\n<meta property=\"og:site_name\" content=\"La Ferme des Mondes, gite et chambres d&#039;hotes\" \/>\n<meta property=\"article:modified_time\" content=\"2025-07-14T19:01:45+00:00\" \/>\n<meta property=\"og:image\" content=\"https:\/\/i0.wp.com\/fermedesmondes.fr\/wp-content\/uploads\/2023\/12\/Sans-titre-95_20231211120018.png?fit=640%2C705&ssl=1\" \/>\n\t<meta property=\"og:image:width\" content=\"640\" \/>\n\t<meta property=\"og:image:height\" content=\"705\" \/>\n\t<meta property=\"og:image:type\" content=\"image\/png\" \/>\n<meta name=\"twitter:card\" content=\"summary_large_image\" \/>\n<meta name=\"twitter:label1\" content=\"Dur\u00e9e de lecture estim\u00e9e\" \/>\n\t<meta name=\"twitter:data1\" content=\"1 minute\" \/>\n<script type=\"application\/ld+json\" class=\"yoast-schema-graph\">{\"@context\":\"https:\/\/schema.org\",\"@graph\":[{\"@type\":\"WebPage\",\"@id\":\"https:\/\/fermedesmondes.fr\/\",\"url\":\"https:\/\/fermedesmondes.fr\/\",\"name\":\"le Jura vous accueille - La Ferme des Mondes, gite et chambres d&#039;hotes\",\"isPartOf\":{\"@id\":\"https:\/\/fermedesmondes.fr\/#website\"},\"primaryImageOfPage\":{\"@id\":\"https:\/\/fermedesmondes.fr\/#primaryimage\"},\"image\":{\"@id\":\"https:\/\/fermedesmondes.fr\/#primaryimage\"},\"thumbnailUrl\":\"https:\/\/i0.wp.com\/fermedesmondes.fr\/wp-content\/uploads\/2023\/12\/Sans-titre-95_20231211120018.png?fit=640%2C705&ssl=1\",\"datePublished\":\"2023-12-09T12:15:12+00:00\",\"dateModified\":\"2025-07-14T19:01:45+00:00\",\"description\":\"Gite rural et familial dans le Jura fran\u00e7ais, entre la station de ski des Rousses et Saint-Claude,a Septmoncel-Les Molunes, en pleine nature\",\"breadcrumb\":{\"@id\":\"https:\/\/fermedesmondes.fr\/#breadcrumb\"},\"inLanguage\":\"fr-FR\",\"potentialAction\":[{\"@type\":\"ReadAction\",\"target\":[\"https:\/\/fermedesmondes.fr\/\"]}]},{\"@type\":\"ImageObject\",\"inLanguage\":\"fr-FR\",\"@id\":\"https:\/\/fermedesmondes.fr\/#primaryimage\",\"url\":\"https:\/\/i0.wp.com\/fermedesmondes.fr\/wp-content\/uploads\/2023\/12\/Sans-titre-95_20231211120018.png?fit=640%2C705&ssl=1\",\"contentUrl\":\"https:\/\/i0.wp.com\/fermedesmondes.fr\/wp-content\/uploads\/2023\/12\/Sans-titre-95_20231211120018.png?fit=640%2C705&ssl=1\",\"width\":640,\"height\":705,\"caption\":\"logo ferme des mondes 2\"},{\"@type\":\"BreadcrumbList\",\"@id\":\"https:\/\/fermedesmondes.fr\/#breadcrumb\",\"itemListElement\":[{\"@type\":\"ListItem\",\"position\":1,\"name\":\"Accueil\",\"item\":\"https:\/\/fermedesmondes.fr\/\"},{\"@type\":\"ListItem\",\"position\":2,\"name\":\"le Jura vous accueille\"}]},{\"@type\":\"WebSite\",\"@id\":\"https:\/\/fermedesmondes.fr\/#website\",\"url\":\"https:\/\/fermedesmondes.fr\/\",\"name\":\"Ferme des Mondes\",\"description\":\"un lieu nature familial en hAUT juRA\",\"publisher\":{\"@id\":\"https:\/\/fermedesmondes.fr\/#organization\"},\"potentialAction\":[{\"@type\":\"SearchAction\",\"target\":{\"@type\":\"EntryPoint\",\"urlTemplate\":\"https:\/\/fermedesmondes.fr\/?s={search_term_string}\"},\"query-input\":{\"@type\":\"PropertyValueSpecification\",\"valueRequired\":true,\"valueName\":\"search_term_string\"}}],\"inLanguage\":\"fr-FR\"},{\"@type\":\"Organization\",\"@id\":\"https:\/\/fermedesmondes.fr\/#organization\",\"name\":\"Ferme des Mondes\",\"url\":\"https:\/\/fermedesmondes.fr\/\",\"logo\":{\"@type\":\"ImageObject\",\"inLanguage\":\"fr-FR\",\"@id\":\"https:\/\/fermedesmondes.fr\/#\/schema\/logo\/image\/\",\"url\":\"https:\/\/i0.wp.com\/fermedesmondes.fr\/wp-content\/uploads\/2023\/12\/Sans-titre-96_20231211155233.png?fit=752%2C783&ssl=1\",\"contentUrl\":\"https:\/\/i0.wp.com\/fermedesmondes.fr\/wp-content\/uploads\/2023\/12\/Sans-titre-96_20231211155233.png?fit=752%2C783&ssl=1\",\"width\":752,\"height\":783,\"caption\":\"Ferme des Mondes\"},\"image\":{\"@id\":\"https:\/\/fermedesmondes.fr\/#\/schema\/logo\/image\/\"}}]}<\/script>\n<!-- \/ Yoast SEO plugin. -->","yoast_head_json":{"title":"le Jura vous accueille - La Ferme des Mondes, gite et chambres d&#039;hotes","description":"Gite rural et familial dans le Jura fran\u00e7ais, entre la station de ski des Rousses et Saint-Claude,a Septmoncel-Les Molunes, en pleine nature","robots":{"index":"index","follow":"follow","max-snippet":"max-snippet:-1","max-image-preview":"max-image-preview:large","max-video-preview":"max-video-preview:-1"},"canonical":"https:\/\/fermedesmondes.fr\/","og_locale":"fr_FR","og_type":"article","og_title":"le Jura vous accueille - La Ferme des Mondes, gite et chambres d&#039;hotes","og_description":"Gite rural et familial dans le Jura fran\u00e7ais, entre la station de ski des Rousses et Saint-Claude,a Septmoncel-Les Molunes, en pleine nature","og_url":"https:\/\/fermedesmondes.fr\/","og_site_name":"La Ferme des Mondes, gite et chambres d&#039;hotes","article_modified_time":"2025-07-14T19:01:45+00:00","og_image":[{"width":640,"height":705,"url":"https:\/\/i0.wp.com\/fermedesmondes.fr\/wp-content\/uploads\/2023\/12\/Sans-titre-95_20231211120018.png?fit=640%2C705&ssl=1","type":"image\/png"}],"twitter_card":"summary_large_image","twitter_misc":{"Dur\u00e9e de lecture estim\u00e9e":"1 minute"},"schema":{"@context":"https:\/\/schema.org","@graph":[{"@type":"WebPage","@id":"https:\/\/fermedesmondes.fr\/","url":"https:\/\/fermedesmondes.fr\/","name":"le Jura vous accueille - La Ferme des Mondes, gite et chambres d&#039;hotes","isPartOf":{"@id":"https:\/\/fermedesmondes.fr\/#website"},"primaryImageOfPage":{"@id":"https:\/\/fermedesmondes.fr\/#primaryimage"},"image":{"@id":"https:\/\/fermedesmondes.fr\/#primaryimage"},"thumbnailUrl":"https:\/\/i0.wp.com\/fermedesmondes.fr\/wp-content\/uploads\/2023\/12\/Sans-titre-95_20231211120018.png?fit=640%2C705&ssl=1","datePublished":"2023-12-09T12:15:12+00:00","dateModified":"2025-07-14T19:01:45+00:00","description":"Gite rural et familial dans le Jura fran\u00e7ais, entre la station de ski des Rousses et Saint-Claude,a Septmoncel-Les Molunes, en pleine nature","breadcrumb":{"@id":"https:\/\/fermedesmondes.fr\/#breadcrumb"},"inLanguage":"fr-FR","potentialAction":[{"@type":"ReadAction","target":["https:\/\/fermedesmondes.fr\/"]}]},{"@type":"ImageObject","inLanguage":"fr-FR","@id":"https:\/\/fermedesmondes.fr\/#primaryimage","url":"https:\/\/i0.wp.com\/fermedesmondes.fr\/wp-content\/uploads\/2023\/12\/Sans-titre-95_20231211120018.png?fit=640%2C705&ssl=1","contentUrl":"https:\/\/i0.wp.com\/fermedesmondes.fr\/wp-content\/uploads\/2023\/12\/Sans-titre-95_20231211120018.png?fit=640%2C705&ssl=1","width":640,"height":705,"caption":"logo ferme des mondes 2"},{"@type":"BreadcrumbList","@id":"https:\/\/fermedesmondes.fr\/#breadcrumb","itemListElement":[{"@type":"ListItem","position":1,"name":"Accueil","item":"https:\/\/fermedesmondes.fr\/"},{"@type":"ListItem","position":2,"name":"le Jura vous accueille"}]},{"@type":"WebSite","@id":"https:\/\/fermedesmondes.fr\/#website","url":"https:\/\/fermedesmondes.fr\/","name":"Ferme des Mondes","description":"un lieu nature familial en hAUT juRA","publisher":{"@id":"https:\/\/fermedesmondes.fr\/#organization"},"potentialAction":[{"@type":"SearchAction","target":{"@type":"EntryPoint","urlTemplate":"https:\/\/fermedesmondes.fr\/?s={search_term_string}"},"query-input":{"@type":"PropertyValueSpecification","valueRequired":true,"valueName":"search_term_string"}}],"inLanguage":"fr-FR"},{"@type":"Organization","@id":"https:\/\/fermedesmondes.fr\/#organization","name":"Ferme des Mondes","url":"https:\/\/fermedesmondes.fr\/","logo":{"@type":"ImageObject","inLanguage":"fr-FR","@id":"https:\/\/fermedesmondes.fr\/#\/schema\/logo\/image\/","url":"https:\/\/i0.wp.com\/fermedesmondes.fr\/wp-content\/uploads\/2023\/12\/Sans-titre-96_20231211155233.png?fit=752%2C783&ssl=1","contentUrl":"https:\/\/i0.wp.com\/fermedesmondes.fr\/wp-content\/uploads\/2023\/12\/Sans-titre-96_20231211155233.png?fit=752%2C783&ssl=1","width":752,"height":783,"caption":"Ferme des Mondes"},"image":{"@id":"https:\/\/fermedesmondes.fr\/#\/schema\/logo\/image\/"}}]}},"jetpack-related-posts":[{"id":32,"url":"https:\/\/fermedesmondes.fr\/index.php\/gite\/","url_meta":{"origin":9,"position":0},"title":"G\u00eete","author":"admin4731","date":"9 d\u00e9cembre 2023","format":false,"excerpt":"A l'origine.... Au fond d'une paisible vall\u00e9e ensoleill\u00e9e, le g\u00eete est install\u00e9e \u00e0 l\u2019avant Sud d\u2019une ancienne ferme familiale du Haut-Jura construite en 1848, \u00e0 1150 m d'altitude sur la commune de Septmoncel-Les Molunes (39310)Elle \u00e9tait \u00e0 l'origine habit\u00e9e par un Charron, artisan sp\u00e9cialiste du bois et du m\u00e9tal, un\u2026","rel":"","context":"Article similaire","block_context":{"text":"Article similaire","link":""},"img":{"alt_text":"","src":"","width":0,"height":0},"classes":[]},{"id":33,"url":"https:\/\/fermedesmondes.fr\/index.php\/activites\/","url_meta":{"origin":9,"position":1},"title":"Activit\u00e9s","author":"admin4731","date":"9 d\u00e9cembre 2023","format":false,"excerpt":"Points d'int\u00e9r\u00eat (liste non exhaustive) A moins de 1 km\u00a0Nombreux chemins de randonn\u00e9es, v\u00e9lo\/VTT, pistes de ski de fond\/raquettes, cueillette de champignons, baies, et autres plantes comestibles - D\u00e9part \"rando\" depuis le gite. Moins de 3 kmsLES MOUSSIERESLa Fruiti\u00e8re, Coop\u00e9rative Fromag\u00e8re (comt\u00e9, morbier, bleu de Gex, ... laitages, charcuteries, beurre\u2026","rel":"","context":"Article similaire","block_context":{"text":"Article similaire","link":""},"img":{"alt_text":"","src":"","width":0,"height":0},"classes":[]}],"jetpack_sharing_enabled":true,"_links":{"self":[{"href":"https:\/\/fermedesmondes.fr\/index.php\/wp-json\/wp\/v2\/pages\/9","targetHints":{"allow":["GET"]}}],"collection":[{"href":"https:\/\/fermedesmondes.fr\/index.php\/wp-json\/wp\/v2\/pages"}],"about":[{"href":"https:\/\/fermedesmondes.fr\/index.php\/wp-json\/wp\/v2\/types\/page"}],"author":[{"embeddable":true,"href":"https:\/\/fermedesmondes.fr\/index.php\/wp-json\/wp\/v2\/users\/1"}],"replies":[{"embeddable":true,"href":"https:\/\/fermedesmondes.fr\/index.php\/wp-json\/wp\/v2\/comments?post=9"}],"version-history":[{"count":72,"href":"https:\/\/fermedesmondes.fr\/index.php\/wp-json\/wp\/v2\/pages\/9\/revisions"}],"predecessor-version":[{"id":840,"href":"https:\/\/fermedesmondes.fr\/index.php\/wp-json\/wp\/v2\/pages\/9\/revisions\/840"}],"wp:featuredmedia":[{"embeddable":true,"href":"https:\/\/fermedesmondes.fr\/index.php\/wp-json\/wp\/v2\/media\/74"}],"wp:attachment":[{"href":"https:\/\/fermedesmondes.fr\/index.php\/wp-json\/wp\/v2\/media?parent=9"}],"curies":[{"name":"wp","href":"https:\/\/api.w.org\/{rel}","templated":true}]}}